{"id":2157,"date":"2025-06-19T15:10:38","date_gmt":"2025-06-19T13:10:38","guid":{"rendered":"https:\/\/meti-migrationsservice24.de\/?page_id=2157"},"modified":"2025-07-22T13:43:23","modified_gmt":"2025-07-22T11:43:23","slug":"impressum","status":"publish","type":"page","link":"https:\/\/meti-migrationsservice24.de\/sq\/impressum\/","title":{"rendered":"Impressum"},"content":{"rendered":"<div data-elementor-type=\"wp-page\" data-elementor-id=\"2157\" class=\"elementor elementor-2157\" data-elementor-post-type=\"page\">\n\t\t\t\t<div class=\"elementor-element elementor-element-603f081 e-flex e-con-boxed e-con e-parent\" data-id=\"603f081\" data-element_type=\"container\">\n\t\t\t\t\t<div class=\"e-con-inner\">\n\t\t\t\t<div class=\"elementor-element elementor-element-e09a0c4 elementor-widget elementor-widget-heading\" data-id=\"e09a0c4\" data-element_type=\"widget\" data-widget_type=\"heading.default\">\n\t\t\t\t<div class=\"elementor-widget-container\">\n\t\t\t\t\t<h1 class=\"elementor-heading-title elementor-size-default\">Impressum<\/h1>\t\t\t\t<\/div>\n\t\t\t\t<\/div>\n\t\t\t\t<div class=\"elementor-element elementor-element-f0962cf elementor-widget elementor-widget-text-editor\" data-id=\"f0962cf\" data-element_type=\"widget\" data-widget_type=\"text-editor.default\">\n\t\t\t\t<div class=\"elementor-widget-container\">\n\t\t\t\t\t\t\t\t\t<h3>Informacion sipas \u00a7 5 TMG<\/h3><p><strong>Meti Migrationservice24<\/strong><\/p><p><strong>Obermarkt 43,<\/strong><br \/><strong>04736 Waldheim<\/strong><\/p><p><strong>Kontakti:<\/strong><\/p><p><b><br \/>Tel: <a href=\"http:\/\/+4934327639713\" data-wplink-url-error=\"true\"><span class=\"elementor-icon-list-text\">+49 34327 639713<\/span><\/a><br \/><br \/><\/b><b>Email:\u00a0 <a href=\"mailto:info@meti-migrationservice.de\"><span class=\"elementor-icon-list-text\">info@meti-migrationservice.de<\/span><\/a><\/b>\u00a0<\/p><p><span style=\"font-weight: 400;\">Vertreten durch den Gesch\u00e4ftsf\u00fchrer: Muhamet Bajrami<\/span><\/p><p><strong>Umsatzsteuer-ID<\/strong><\/p><p>Umsatzsteuer-Identifikationsnummer gem\u00e4\u00df \u00a7 27 a Umsatzsteuergesetz:<br \/><span style=\"font-weight: 400;\"><br \/><strong>DE455060976<br \/><\/strong><\/span><\/p><p><b>EU-Streitschlichtung\u00a0<\/b><\/p><p>Komisioni Evropian ofron nj\u00eb platform\u00eb p\u00ebr zgjidhjen e mosmarr\u00ebveshjeve online (ODR):\u00a0<a href=\"https:\/\/ec.europa.eu\/consumers\/odr\/\">https:\/\/ec.europa.eu\/consumers\/odr\/<\/a>.<\/p><p>Mund ta gjeni adres\u00ebn ton\u00eb t\u00eb email-it m\u00eb sip\u00ebr n\u00eb shtypshkronj\u00eb.<\/p><p><b>Verbraucherstreitbeilegung\/Universalschlichtungsstelle\u00a0<\/b><\/p><p>Ne nuk jemi t\u00eb gatsh\u00ebm ose t\u00eb detyruar t\u00eb marrim pjes\u00eb n\u00eb procedurat e zgjidhjes s\u00eb mosmarr\u00ebveshjeve para nj\u00eb bordi arbitrazhi t\u00eb konsumatorit.\u00a0<span style=\"font-size: 1rem;\">einer Verbraucherschlichtungsstelle teilzunehmen.<\/span><\/p>\t\t\t\t\t\t\t\t<\/div>\n\t\t\t\t<\/div>\n\t\t\t\t\t<\/div>\n\t\t\t\t<\/div>\n\t\t\t\t<\/div>","protected":false},"excerpt":{"rendered":"<p>Impressum Angaben gem\u00e4\u00df \u00a7 5 TMG Meti Migrationservice24 Obermarkt 43,04736 Waldheim Kontakt: Tel: +49 34327 639713 Email:\u00a0 info@meti-migrationservice.de\u00a0 Vertreten durch den Gesch\u00e4ftsf\u00fchrer: Muhamet Bajrami Umsatzsteuer-ID Umsatzsteuer-Identifikationsnummer gem\u00e4\u00df \u00a7 27 a Umsatzsteuergesetz: DE455060976 EU-Streitschlichtung\u00a0 Die Europ\u00e4ische Kommission stellt eine Plattform zur Online-Streitbeilegung (OS) bereit:\u00a0https:\/\/ec.europa.eu\/consumers\/odr\/. Unsere E-Mail-Adresse finden Sie oben im Impressum. Verbraucherstreitbeilegung\/Universalschlichtungsstelle\u00a0 Wir sind nicht bereit [&hellip;]<\/p>","protected":false},"author":1,"featured_media":0,"parent":0,"menu_order":0,"comment_status":"closed","ping_status":"closed","template":"","meta":{"footnotes":""},"class_list":["post-2157","page","type-page","status-publish","hentry"],"_links":{"self":[{"href":"https:\/\/meti-migrationsservice24.de\/sq\/wp-json\/wp\/v2\/pages\/2157","targetHints":{"allow":["GET"]}}],"collection":[{"href":"https:\/\/meti-migrationsservice24.de\/sq\/wp-json\/wp\/v2\/pages"}],"about":[{"href":"https:\/\/meti-migrationsservice24.de\/sq\/wp-json\/wp\/v2\/types\/page"}],"author":[{"embeddable":true,"href":"https:\/\/meti-migrationsservice24.de\/sq\/wp-json\/wp\/v2\/users\/1"}],"replies":[{"embeddable":true,"href":"https:\/\/meti-migrationsservice24.de\/sq\/wp-json\/wp\/v2\/comments?post=2157"}],"version-history":[{"count":10,"href":"https:\/\/meti-migrationsservice24.de\/sq\/wp-json\/wp\/v2\/pages\/2157\/revisions"}],"predecessor-version":[{"id":2284,"href":"https:\/\/meti-migrationsservice24.de\/sq\/wp-json\/wp\/v2\/pages\/2157\/revisions\/2284"}],"wp:attachment":[{"href":"https:\/\/meti-migrationsservice24.de\/sq\/wp-json\/wp\/v2\/media?parent=2157"}],"curies":[{"name":"wp","href":"https:\/\/api.w.org\/{rel}","templated":true}]}}