{"id":602,"date":"2025-04-22T14:28:49","date_gmt":"2025-04-22T12:28:49","guid":{"rendered":"https:\/\/meti-migrationsservice24.de\/?page_id=602"},"modified":"2025-06-19T17:06:00","modified_gmt":"2025-06-19T15:06:00","slug":"kontakt","status":"publish","type":"page","link":"https:\/\/meti-migrationsservice24.de\/sq\/kontakt\/","title":{"rendered":"Na kontaktoni"},"content":{"rendered":"<div data-elementor-type=\"wp-page\" data-elementor-id=\"602\" class=\"elementor elementor-602\" data-elementor-post-type=\"page\">\n\t\t\t\t<div class=\"elementor-element elementor-element-b286db3 e-flex e-con-boxed e-con e-parent\" data-id=\"b286db3\" data-element_type=\"container\" data-settings=\"{&quot;background_background&quot;:&quot;classic&quot;}\">\n\t\t\t\t\t<div class=\"e-con-inner\">\n\t\t\t\t<div class=\"elementor-element elementor-element-8cdc281 elementor-invisible elementor-widget elementor-widget-heading\" data-id=\"8cdc281\" data-element_type=\"widget\" data-settings=\"{&quot;_animation&quot;:&quot;zoomIn&quot;}\" data-widget_type=\"heading.default\">\n\t\t\t\t<div class=\"elementor-widget-container\">\n\t\t\t\t\t<h1 class=\"elementor-heading-title elementor-size-default\">A keni ndonj\u00eb pyetje?\n<\/h1>\t\t\t\t<\/div>\n\t\t\t\t<\/div>\n\t\t\t\t<div class=\"elementor-element elementor-element-6bfa52a elementor-invisible elementor-widget elementor-widget-text-editor\" data-id=\"6bfa52a\" data-element_type=\"widget\" data-settings=\"{&quot;_animation&quot;:&quot;zoomIn&quot;}\" data-widget_type=\"text-editor.default\">\n\t\t\t\t<div class=\"elementor-widget-container\">\n\t\t\t\t\t\t\t\t\tN\u00ebse keni ndonj\u00eb pyetje, ju lutem na shkruani p\u00ebrmes formularit m\u00eb posht\u00eb. Ne do t\u2019ju kthejm\u00eb p\u00ebrgjigje sa m\u00eb shpejt t\u00eb jet\u00eb e mundur.\n\n\t\t\t\t\t\t\t\t<\/div>\n\t\t\t\t<\/div>\n\t\t\t\t\t<\/div>\n\t\t\t\t<\/div>\n\t\t<div class=\"elementor-element elementor-element-b9d2933 e-flex e-con-boxed e-con e-parent\" data-id=\"b9d2933\" data-element_type=\"container\">\n\t\t\t\t\t<div class=\"e-con-inner\">\n\t\t<div class=\"elementor-element elementor-element-e7397dc e-con-full e-flex e-con e-child\" data-id=\"e7397dc\" data-element_type=\"container\" data-settings=\"{&quot;background_background&quot;:&quot;classic&quot;}\">\n\t\t\t\t<div class=\"elementor-element elementor-element-3117bd0 elementor-align-left toggle-label-button elementor-invisible elementor-widget elementor-widget-button\" data-id=\"3117bd0\" data-element_type=\"widget\" data-settings=\"{&quot;_animation&quot;:&quot;fadeIn&quot;}\" data-widget_type=\"button.default\">\n\t\t\t\t<div class=\"elementor-widget-container\">\n\t\t\t\t\t\t\t\t\t<div class=\"elementor-button-wrapper\">\n\t\t\t\t\t<a class=\"elementor-button elementor-button-link elementor-size-sm\" href=\"#toggleLabelBtn\">\n\t\t\t\t\t\t<span class=\"elementor-button-content-wrapper\">\n\t\t\t\t\t\t\t\t\t<span class=\"elementor-button-text\">Fshij\/Shfaq - Nr Dosjes<\/span>\n\t\t\t\t\t<\/span>\n\t\t\t\t\t<\/a>\n\t\t\t\t<\/div>\n\t\t\t\t\t\t\t\t<\/div>\n\t\t\t\t<\/div>\n\t\t\t\t<div class=\"elementor-element elementor-element-1fe8997 elementor-button-align-stretch elementor-invisible elementor-widget elementor-widget-form\" data-id=\"1fe8997\" data-element_type=\"widget\" data-settings=\"{&quot;step_next_label&quot;:&quot;N\\u00e4chster&quot;,&quot;step_previous_label&quot;:&quot;Voriger&quot;,&quot;_animation&quot;:&quot;fadeInUp&quot;,&quot;button_width&quot;:&quot;100&quot;,&quot;step_type&quot;:&quot;number_text&quot;,&quot;step_icon_shape&quot;:&quot;circle&quot;}\" data-widget_type=\"form.default\">\n\t\t\t\t<div class=\"elementor-widget-container\">\n\t\t\t\t\t\t\t<form class=\"elementor-form\" method=\"post\" name=\"Neues Formular\" action=\"\">\n\t\t\t<input type=\"hidden\" name=\"post_id\" value=\"602\"\/>\n\t\t\t<input type=\"hidden\" name=\"form_id\" value=\"1fe8997\"\/>\n\t\t\t<input type=\"hidden\" name=\"referer_title\" value=\"Kontakt\" \/>\n\n\t\t\t\t\t\t\t<input type=\"hidden\" name=\"queried_id\" value=\"602\"\/>\n\t\t\t\n\t\t\t<div class=\"elementor-form-fields-wrapper elementor-labels-above\">\n\t\t\t\t\t\t\t\t<div class=\"elementor-field-type-text elementor-field-group elementor-column elementor-field-group-name elementor-col-50 elementor-field-required\">\n\t\t\t\t\t\t\t\t\t\t\t\t<label for=\"form-field-name\" class=\"elementor-field-label\">\n\t\t\t\t\t\t\t\tEmri\t\t\t\t\t\t\t<\/label>\n\t\t\t\t\t\t\t\t\t\t\t\t\t\t<input size=\"1\" type=\"text\" name=\"form_fields[name]\" id=\"form-field-name\" class=\"elementor-field elementor-size-sm  elementor-field-textual\" required=\"required\">\n\t\t\t\t\t\t\t\t\t\t\t<\/div>\n\t\t\t\t\t\t\t\t<div class=\"elementor-field-type-text elementor-field-group elementor-column elementor-field-group-field_6f82f41 elementor-col-50 elementor-field-required\">\n\t\t\t\t\t\t\t\t\t\t\t\t<label for=\"form-field-field_6f82f41\" class=\"elementor-field-label\">\n\t\t\t\t\t\t\t\tMbiemri\t\t\t\t\t\t\t<\/label>\n\t\t\t\t\t\t\t\t\t\t\t\t\t\t<input size=\"1\" type=\"text\" name=\"form_fields[field_6f82f41]\" id=\"form-field-field_6f82f41\" class=\"elementor-field elementor-size-sm  elementor-field-textual\" required=\"required\">\n\t\t\t\t\t\t\t\t\t\t\t<\/div>\n\t\t\t\t\t\t\t\t<div class=\"elementor-field-type-email elementor-field-group elementor-column elementor-field-group-email elementor-col-50 elementor-field-required\">\n\t\t\t\t\t\t\t\t\t\t\t\t<label for=\"form-field-email\" class=\"elementor-field-label\">\n\t\t\t\t\t\t\t\tE-Mail\t\t\t\t\t\t\t<\/label>\n\t\t\t\t\t\t\t\t\t\t\t\t\t\t<input size=\"1\" type=\"email\" name=\"form_fields[email]\" id=\"form-field-email\" class=\"elementor-field elementor-size-sm  elementor-field-textual\" placeholder=\"E-Mail\" required=\"required\">\n\t\t\t\t\t\t\t\t\t\t\t<\/div>\n\t\t\t\t\t\t\t\t<div class=\"elementor-field-type-email elementor-field-group elementor-column elementor-field-group-field_2d59940 elementor-col-50 elementor-field-required\">\n\t\t\t\t\t\t\t\t\t\t\t\t<label for=\"form-field-field_2d59940\" class=\"elementor-field-label\">\n\t\t\t\t\t\t\t\tTelefoni\t\t\t\t\t\t\t<\/label>\n\t\t\t\t\t\t\t\t\t\t\t\t\t\t<input size=\"1\" type=\"email\" name=\"form_fields[field_2d59940]\" id=\"form-field-field_2d59940\" class=\"elementor-field elementor-size-sm  elementor-field-textual\" required=\"required\">\n\t\t\t\t\t\t\t\t\t\t\t<\/div>\n\t\t\t\t\t\t\t\t<div class=\"elementor-field-type-text elementor-field-group elementor-column elementor-field-group-field_295c72b elementor-col-100 elementor-field-required\">\n\t\t\t\t\t\t\t\t\t\t\t\t<label for=\"form-field-field_295c72b\" class=\"elementor-field-label\">\n\t\t\t\t\t\t\t\tSubjekti\t\t\t\t\t\t\t\t<\/label>\n\t\t\t\t\t\t\t\t\t\t\t\t\t\t<input size=\"1\" type=\"text\" name=\"form_fields[field_295c72b]\" id=\"form-field-field_295c72b\" class=\"elementor-field elementor-size-sm  elementor-field-textual\" required=\"required\">\n\t\t\t\t\t\t\t\t\t\t\t<\/div>\n\t\t\t\t\t\t\t\t<div class=\"elementor-field-type-text elementor-field-group elementor-column elementor-field-group-field_c8f45a7 elementor-col-100\">\n\t\t\t\t\t\t\t\t\t\t\t\t<label for=\"form-field-field_c8f45a7\" class=\"elementor-field-label\">\n\t\t\t\t\t\t\t\tNumri i Dosjes\t\t\t\t\t\t\t<\/label>\n\t\t\t\t\t\t\t\t\t\t\t\t\t\t<input size=\"1\" type=\"text\" name=\"form_fields[field_c8f45a7]\" id=\"form-field-field_c8f45a7\" class=\"elementor-field elementor-size-sm  elementor-field-textual\" placeholder=\"p.sh Mocioni-123\">\n\t\t\t\t\t\t\t\t\t\t\t<\/div>\n\t\t\t\t\t\t\t\t<div class=\"elementor-field-type-textarea elementor-field-group elementor-column elementor-field-group-message elementor-col-100\">\n\t\t\t\t\t\t\t\t\t\t\t\t<label for=\"form-field-message\" class=\"elementor-field-label\">\n\t\t\t\t\t\t\t\tMesazhi\t\t\t\t\t\t\t<\/label>\n\t\t\t\t\t\t<textarea class=\"elementor-field-textual elementor-field  elementor-size-sm\" name=\"form_fields[message]\" id=\"form-field-message\" rows=\"4\" placeholder=\"Mesazhi\"><\/textarea>\t\t\t\t<\/div>\n\t\t\t\t\t\t\t\t<div class=\"elementor-field-type-recaptcha elementor-field-group elementor-column elementor-field-group-field_558cd6d elementor-col-100\">\n\t\t\t\t\t<div class=\"elementor-field\" id=\"form-field-field_558cd6d\"><div class=\"elementor-g-recaptcha\" data-sitekey=\"6LeBc2YrAAAAAFoG42Z3eCTEqDbQN-JldD3DfThG\" data-type=\"v2_checkbox\" data-theme=\"light\" data-size=\"normal\"><\/div><\/div>\t\t\t\t<\/div>\n\t\t\t\t\t\t\t\t<div class=\"elementor-field-group elementor-column elementor-field-type-submit elementor-col-100 e-form__buttons\">\n\t\t\t\t\t<button class=\"elementor-button elementor-size-md\" type=\"submit\">\n\t\t\t\t\t\t<span class=\"elementor-button-content-wrapper\">\n\t\t\t\t\t\t\t\t\t\t\t\t\t\t\t\t\t\t\t\t\t\t<span class=\"elementor-button-text\">D\u00ebrgo mesazhin<\/span>\n\t\t\t\t\t\t\t\t\t\t\t\t\t<\/span>\n\t\t\t\t\t<\/button>\n\t\t\t\t<\/div>\n\t\t\t<\/div>\n\t\t<input type=\"hidden\" name=\"trp-form-language\" value=\"sq\"\/><\/form>\n\t\t\t\t\t\t<\/div>\n\t\t\t\t<\/div>\n\t\t\t\t<\/div>\n\t\t\t\t\t<\/div>\n\t\t\t\t<\/div>\n\t\t<div class=\"elementor-element elementor-element-961cf39 e-flex e-con-boxed e-con e-parent\" data-id=\"961cf39\" data-element_type=\"container\">\n\t\t\t\t\t<div class=\"e-con-inner\">\n\t\t<div class=\"elementor-element elementor-element-27ceb8e e-con-full e-flex e-con e-child\" data-id=\"27ceb8e\" data-element_type=\"container\" data-settings=\"{&quot;background_background&quot;:&quot;classic&quot;}\">\n\t\t\t\t<div class=\"elementor-element elementor-element-94d3ac4 elementor-invisible elementor-widget elementor-widget-heading\" data-id=\"94d3ac4\" data-element_type=\"widget\" data-settings=\"{&quot;_animation&quot;:&quot;fadeInUp&quot;}\" data-widget_type=\"heading.default\">\n\t\t\t\t<div class=\"elementor-widget-container\">\n\t\t\t\t\t<h2 class=\"elementor-heading-title elementor-size-default\">B\u00ebhu pjes\u00eb e komunitetit ton\u00eb<\/h2>\t\t\t\t<\/div>\n\t\t\t\t<\/div>\n\t\t\t\t<div class=\"elementor-element elementor-element-7778438 elementor-invisible elementor-widget elementor-widget-text-editor\" data-id=\"7778438\" data-element_type=\"widget\" data-settings=\"{&quot;_animation&quot;:&quot;fadeInUp&quot;}\" data-widget_type=\"text-editor.default\">\n\t\t\t\t<div class=\"elementor-widget-container\">\n\t\t\t\t\t\t\t\t\tNa ndiq n\u00eb rrjetet tona sociale p\u00ebr t\u00eb marr\u00eb k\u00ebshilla falas, lajme t\u00eb r\u00ebnd\u00ebsishme dhe udh\u00ebzime praktike rreth emigracionit, shtet\u00ebsis\u00eb dhe integrimit n\u00eb Gjermani. Jemi gjithmon\u00eb k\u00ebtu p\u00ebr t\u00eb ndihmuar!\t\t\t\t\t\t\t\t<\/div>\n\t\t\t\t<\/div>\n\t\t\t\t<div class=\"elementor-element elementor-element-2e9be59 elementor-shape-circle e-grid-align-left elementor-grid-mobile-6 e-grid-align-mobile-left elementor-grid-0 elementor-invisible elementor-widget elementor-widget-social-icons\" data-id=\"2e9be59\" data-element_type=\"widget\" data-settings=\"{&quot;_animation&quot;:&quot;fadeInLeft&quot;}\" data-widget_type=\"social-icons.default\">\n\t\t\t\t<div class=\"elementor-widget-container\">\n\t\t\t\t\t\t\t<div class=\"elementor-social-icons-wrapper elementor-grid\" role=\"list\">\n\t\t\t\t\t\t\t<span class=\"elementor-grid-item\" role=\"listitem\">\n\t\t\t\t\t<a class=\"elementor-icon elementor-social-icon elementor-social-icon- elementor-animation-grow elementor-repeater-item-3627df2\" href=\"https:\/\/www.tiktok.com\/@muhametbajramimeti\" target=\"_blank\">\n\t\t\t\t\t\t<span class=\"elementor-screen-only\"><\/span>\n\t\t\t\t\t\t<svg xmlns=\"http:\/\/www.w3.org\/2000\/svg\" width=\"800px\" height=\"800px\" viewbox=\"0 0 800 800\"><path d=\"m0 0h800v800h-800z\"><\/path><path d=\"m196 498.3 1.6 4.6c-.2-.5-.8-2.1-1.6-4.6zm64.9-104.9c2.9-24.9 12.7-38.8 31.1-53.1 26.4-19.3 59.3-8.4 59.3-8.4v-64.9c8-.2 16 .3 23.9 1.5v83.5s-32.9-10.9-59.3 8.4c-18.4 14.3-28.2 28.2-31.1 53.1-.1 13.5 2.3 31.2 13.5 46.4-2.8-1.5-5.6-3.2-8.5-5.1-24.5-17.2-29-43.1-28.9-61.4zm250.4-246.4c-18.1-20.7-25-41.7-27.5-56.4h22.8s-4.5 38.6 28.6 76.5l.5.5c-9-5.8-17.2-12.8-24.4-20.6zm109.9 58.8v81.8s-29.1-1.2-50.7-6.9c-30.1-8-49.4-20.3-49.4-20.3s-13.4-8.8-14.4-9.4v169c0 9.4-2.5 32.9-10 52.5-9.8 25.6-25 42.5-27.8 45.9 0 0-18.5 22.8-51 38.1-29.3 13.8-55.1 13.5-62.8 13.8 0 0-44.5 1.8-84.6-25.3-8.7-6-16.8-12.8-24.2-20.3l.2.2c40.1 27.2 84.6 25.3 84.6 25.3 7.7-.3 33.5 0 62.8-13.8 32.5-15.3 51-38.1 51-38.1 2.8-3.4 18-20.3 27.8-45.9 7.5-19.6 10-43.1 10-52.5v-168.9c1.1.6 14.4 9.4 14.4 9.4s19.3 12.3 49.4 20.3c21.6 5.7 50.7 6.9 50.7 6.9v-64.1c10 2.3 18.5 2.9 24 2.3z\" fill=\"#ee1d52\"><\/path><path d=\"m597.2 203.4v64.1s-29.1-1.2-50.7-6.9c-30.1-8-49.4-20.3-49.4-20.3s-13.4-8.8-14.4-9.4v169c0 9.4-2.5 32.9-10 52.5-9.8 25.6-25 42.5-27.8 45.9 0 0-18.5 22.8-51 38.1-29.3 13.8-55.1 13.5-62.8 13.8 0 0-44.5 1.8-84.6-25.3l-.2-.2c-4.2-4.3-8.2-8.8-11.9-13.5-12.8-16.3-20.6-35.5-22.6-41v-.1c-3.2-9.5-9.8-32.5-8.9-54.6 1.6-39.1 14.8-63.2 18.3-69.2 9.2-16.4 21.3-31.1 35.5-43.4 12.6-10.6 26.9-19.1 42.2-25 16.6-7 34.4-10.7 52.4-11v64.9s-32.9-10.9-59.3 8.4c-18.4 14.3-28.2 28.2-31.1 53.1-.1 18.3 4.4 44.2 29 61.5 2.9 1.9 5.7 3.6 8.5 5.1 4.3 5.8 9.5 10.9 15.5 15.1 24.1 15.9 44.2 17 70 6.7 17.2-6.9 30.1-22.4 36.1-39.7 3.8-10.8 3.7-21.6 3.7-32.8v-318.6h60c2.5 14.7 9.3 35.7 27.5 56.4 7.3 7.8 15.5 14.8 24.4 20.6 2.6 2.9 16.1 16.9 33.5 25.6 8.9 4.5 18.4 7.9 28.1 10.2z\" fill=\"#ffffff\"><\/path><g fill=\"#69c9d0\"><path d=\"m187.9 450.4 1.5 4.3c-.2-.5-.8-2-1.5-4.3z\"><\/path><path d=\"m298.9 278c-15.4 5.9-29.6 14.4-42.2 25-14.3 12.3-26.3 27.1-35.5 43.5-3.5 6-16.7 30-18.3 69.2-.9 22.2 5.8 45.1 8.9 54.6v.1c2 5.4 9.8 24.7 22.6 41 3.7 4.7 7.7 9.2 11.9 13.5-13.6-9.4-25.6-20.7-35.9-33.6-12.7-16.1-20.5-35.2-22.5-40.8v-.2c-3.2-9.5-9.9-32.5-8.9-54.7 1.6-39.1 14.8-63.2 18.3-69.2 9.2-16.4 21.2-31.2 35.5-43.5 12.6-10.6 26.9-19.1 42.2-25 9.6-4 19.6-6.9 29.8-8.8 15.4-2.7 31.1-2.9 46.6-.7v18.6c-18.1.3-35.9 4-52.5 11z\"><\/path><path d=\"m483.8 90.6h-60v318.6c0 11.2 0 22-3.7 32.8-6.1 17.2-19 32.8-36.1 39.7-25.8 10.4-46 9.2-70-6.7-6-4.1-11.2-9.2-15.5-15 20.5 10.9 38.8 10.7 61.5 1.6 17.2-6.9 30.1-22.5 36.1-39.7 3.8-10.8 3.7-21.6 3.7-32.8v-318.6h82.9c-.1 0-1 7.9 1.1 20.1zm113.4 95.1v17.7c-9.7-2.3-19.2-5.7-28.1-10.2-17.3-8.6-30.8-22.7-33.5-25.6 3.1 2 6.2 3.8 9.5 5.5 21.2 10.5 41.9 13.7 52.1 12.6z\"><\/path><\/g><path d=\"m486.9 701.5c-.7-2.2-1-4.4-1-6.7v-.2c0 2.4.3 4.7 1 6.9zm49.5-6.9v.2c0 2.3-.3 4.5-1 6.7.7-2.2 1-4.5 1-6.9z\" fill=\"none\"><\/path><path d=\"m485.8 694.8c0 2.3.3 4.5 1 6.7 0 .2.1.3.1.5 3.3 10.6 13.1 17.8 24.2 17.8v25.6c-12.5 0-21.4.4-35-7.6-15.4-9.2-24.1-25.9-24.1-43.3 0-17.9 9.7-35.9 26.3-44.6 12-6.3 21.1-6.3 32.9-6.3v25.6c-14 0-25.3 11.3-25.3 25.3z\" fill=\"#69c9d0\"><\/path><path d=\"m536.6 694.8c0 2.3-.3 4.5-1 6.7 0 .2-.1.3-.1.5-3.3 10.6-13.1 17.8-24.2 17.8v25.6c12.4 0 21.4.4 34.9-7.6 15.5-9.2 24.2-25.9 24.2-43.3 0-17.9-9.7-35.9-26.3-44.6-12-6.3-21.1-6.3-32.9-6.3v25.6c14 0 25.3 11.3 25.3 25.3v.3z\" fill=\"#ee1d52\"><\/path><path d=\"m119.5 620.4h93.7l-8.7 25.8h-24.5v98.7h-30.1v-98.7h-30.4zm248.4 0v25.8h30.4v98.7h30.2v-98.7h24.5l8.7-25.8zm-134.3 29.3c8.1 0 14.6-6.5 14.6-14.6s-6.5-14.6-14.6-14.6-14.6 6.5-14.6 14.6 6.5 14.6 14.6 14.6zm-14.6 95.1h29.6v-84.8h-29.6zm136-95.8h-34.6l-29.8 29.8v-58.4h-29.4l-.1 124.3h29.7v-32.4l9.2-8.4 28.8 40.8h31.7l-41.7-59.6zm283.8 36.2 36.2-36.2h-34.6l-29.8 29.8v-58.4h-29.4l-.2 124.4h29.7v-32.4l9.3-8.4 28.8 40.8h31.7zm-76.1 9.2c0 28.1-23.1 50.9-51.6 50.9s-51.6-22.8-51.6-50.9 23.1-50.9 51.6-50.9 51.6 22.8 51.6 50.9zm-26.3 0c0-14-11.3-25.3-25.3-25.3s-25.3 11.3-25.3 25.3 11.3 25.3 25.3 25.3 25.3-11.3 25.3-25.3z\" fill=\"#ffffff\"><\/path><\/svg>\t\t\t\t\t<\/a>\n\t\t\t\t<\/span>\n\t\t\t\t\t\t\t<span class=\"elementor-grid-item\" role=\"listitem\">\n\t\t\t\t\t<a class=\"elementor-icon elementor-social-icon elementor-social-icon-youtube elementor-animation-grow elementor-repeater-item-d3ab94b\" href=\"https:\/\/www.youtube.com\/@MuhametBajrmi-Meti\" target=\"_blank\">\n\t\t\t\t\t\t<span class=\"elementor-screen-only\">Youtube<\/span>\n\t\t\t\t\t\t<svg class=\"e-font-icon-svg e-fab-youtube\" viewbox=\"0 0 576 512\" xmlns=\"http:\/\/www.w3.org\/2000\/svg\"><path d=\"M549.655 124.083c-6.281-23.65-24.787-42.276-48.284-48.597C458.781 64 288 64 288 64S117.22 64 74.629 75.486c-23.497 6.322-42.003 24.947-48.284 48.597-11.412 42.867-11.412 132.305-11.412 132.305s0 89.438 11.412 132.305c6.281 23.65 24.787 41.5 48.284 47.821C117.22 448 288 448 288 448s170.78 0 213.371-11.486c23.497-6.321 42.003-24.171 48.284-47.821 11.412-42.867 11.412-132.305 11.412-132.305s0-89.438-11.412-132.305zm-317.51 213.508V175.185l142.739 81.205-142.739 81.201z\"><\/path><\/svg>\t\t\t\t\t<\/a>\n\t\t\t\t<\/span>\n\t\t\t\t\t\t\t<span class=\"elementor-grid-item\" role=\"listitem\">\n\t\t\t\t\t<a class=\"elementor-icon elementor-social-icon elementor-social-icon-instagram elementor-animation-grow elementor-repeater-item-c8d3572\" href=\"https:\/\/www.instagram.com\/muhametbajramimeti\/\" target=\"_blank\">\n\t\t\t\t\t\t<span class=\"elementor-screen-only\">Instagram<\/span>\n\t\t\t\t\t\t<svg class=\"e-font-icon-svg e-fab-instagram\" viewbox=\"0 0 448 512\" xmlns=\"http:\/\/www.w3.org\/2000\/svg\"><path d=\"M224.1 141c-63.6 0-114.9 51.3-114.9 114.9s51.3 114.9 114.9 114.9S339 319.5 339 255.9 287.7 141 224.1 141zm0 189.6c-41.1 0-74.7-33.5-74.7-74.7s33.5-74.7 74.7-74.7 74.7 33.5 74.7 74.7-33.6 74.7-74.7 74.7zm146.4-194.3c0 14.9-12 26.8-26.8 26.8-14.9 0-26.8-12-26.8-26.8s12-26.8 26.8-26.8 26.8 12 26.8 26.8zm76.1 27.2c-1.7-35.9-9.9-67.7-36.2-93.9-26.2-26.2-58-34.4-93.9-36.2-37-2.1-147.9-2.1-184.9 0-35.8 1.7-67.6 9.9-93.9 36.1s-34.4 58-36.2 93.9c-2.1 37-2.1 147.9 0 184.9 1.7 35.9 9.9 67.7 36.2 93.9s58 34.4 93.9 36.2c37 2.1 147.9 2.1 184.9 0 35.9-1.7 67.7-9.9 93.9-36.2 26.2-26.2 34.4-58 36.2-93.9 2.1-37 2.1-147.8 0-184.8zM398.8 388c-7.8 19.6-22.9 34.7-42.6 42.6-29.5 11.7-99.5 9-132.1 9s-102.7 2.6-132.1-9c-19.6-7.8-34.7-22.9-42.6-42.6-11.7-29.5-9-99.5-9-132.1s-2.6-102.7 9-132.1c7.8-19.6 22.9-34.7 42.6-42.6 29.5-11.7 99.5-9 132.1-9s102.7-2.6 132.1 9c19.6 7.8 34.7 22.9 42.6 42.6 11.7 29.5 9 99.5 9 132.1s2.7 102.7-9 132.1z\"><\/path><\/svg>\t\t\t\t\t<\/a>\n\t\t\t\t<\/span>\n\t\t\t\t\t\t\t<span class=\"elementor-grid-item\" role=\"listitem\">\n\t\t\t\t\t<a class=\"elementor-icon elementor-social-icon elementor-social-icon-whatsapp elementor-animation-grow elementor-repeater-item-2e45cff\" href=\"https:\/\/wa.me\/+4915202342222\" target=\"_blank\">\n\t\t\t\t\t\t<span class=\"elementor-screen-only\">Whatsapp<\/span>\n\t\t\t\t\t\t<svg class=\"e-font-icon-svg e-fab-whatsapp\" viewbox=\"0 0 448 512\" xmlns=\"http:\/\/www.w3.org\/2000\/svg\"><path d=\"M380.9 97.1C339 55.1 283.2 32 223.9 32c-122.4 0-222 99.6-222 222 0 39.1 10.2 77.3 29.6 111L0 480l117.7-30.9c32.4 17.7 68.9 27 106.1 27h.1c122.3 0 224.1-99.6 224.1-222 0-59.3-25.2-115-67.1-157zm-157 341.6c-33.2 0-65.7-8.9-94-25.7l-6.7-4-69.8 18.3L72 359.2l-4.4-7c-18.5-29.4-28.2-63.3-28.2-98.2 0-101.7 82.8-184.5 184.6-184.5 49.3 0 95.6 19.2 130.4 54.1 34.8 34.9 56.2 81.2 56.1 130.5 0 101.8-84.9 184.6-186.6 184.6zm101.2-138.2c-5.5-2.8-32.8-16.2-37.9-18-5.1-1.9-8.8-2.8-12.5 2.8-3.7 5.6-14.3 18-17.6 21.8-3.2 3.7-6.5 4.2-12 1.4-32.6-16.3-54-29.1-75.5-66-5.7-9.8 5.7-9.1 16.3-30.3 1.8-3.7.9-6.9-.5-9.7-1.4-2.8-12.5-30.1-17.1-41.2-4.5-10.8-9.1-9.3-12.5-9.5-3.2-.2-6.9-.2-10.6-.2-3.7 0-9.7 1.4-14.8 6.9-5.1 5.6-19.4 19-19.4 46.3 0 27.3 19.9 53.7 22.6 57.4 2.8 3.7 39.1 59.7 94.8 83.8 35.2 15.2 49 16.5 66.6 13.9 10.7-1.6 32.8-13.4 37.4-26.4 4.6-13 4.6-24.1 3.2-26.4-1.3-2.5-5-3.9-10.5-6.6z\"><\/path><\/svg>\t\t\t\t\t<\/a>\n\t\t\t\t<\/span>\n\t\t\t\t\t\t\t<span class=\"elementor-grid-item\" role=\"listitem\">\n\t\t\t\t\t<a class=\"elementor-icon elementor-social-icon elementor-social-icon-facebook elementor-animation-grow elementor-repeater-item-34352eb\" href=\"https:\/\/www.facebook.com\/metiiofficial\/\" target=\"_blank\">\n\t\t\t\t\t\t<span class=\"elementor-screen-only\">Facebook<\/span>\n\t\t\t\t\t\t<svg class=\"e-font-icon-svg e-fab-facebook\" viewbox=\"0 0 512 512\" xmlns=\"http:\/\/www.w3.org\/2000\/svg\"><path d=\"M504 256C504 119 393 8 256 8S8 119 8 256c0 123.78 90.69 226.38 209.25 245V327.69h-63V256h63v-54.64c0-62.15 37-96.48 93.67-96.48 27.14 0 55.52 4.84 55.52 4.84v61h-31.28c-30.8 0-40.41 19.12-40.41 38.73V256h68.78l-11 71.69h-57.78V501C413.31 482.38 504 379.78 504 256z\"><\/path><\/svg>\t\t\t\t\t<\/a>\n\t\t\t\t<\/span>\n\t\t\t\t\t\t\t<span class=\"elementor-grid-item\" role=\"listitem\">\n\t\t\t\t\t<a class=\"elementor-icon elementor-social-icon elementor-social-icon-envelope elementor-animation-grow elementor-repeater-item-b8a675e\" href=\"mailto:info@meti-migrationservice.de\" target=\"_blank\">\n\t\t\t\t\t\t<span class=\"elementor-screen-only\">Envelope<\/span>\n\t\t\t\t\t\t<svg class=\"e-font-icon-svg e-fas-envelope\" viewbox=\"0 0 512 512\" xmlns=\"http:\/\/www.w3.org\/2000\/svg\"><path d=\"M502.3 190.8c3.9-3.1 9.7-.2 9.7 4.7V400c0 26.5-21.5 48-48 48H48c-26.5 0-48-21.5-48-48V195.6c0-5 5.7-7.8 9.7-4.7 22.4 17.4 52.1 39.5 154.1 113.6 21.1 15.4 56.7 47.8 92.2 47.6 35.7.3 72-32.8 92.3-47.6 102-74.1 131.6-96.3 154-113.7zM256 320c23.2.4 56.6-29.2 73.4-41.4 132.7-96.3 142.8-104.7 173.4-128.7 5.8-4.5 9.2-11.5 9.2-18.9v-19c0-26.5-21.5-48-48-48H48C21.5 64 0 85.5 0 112v19c0 7.4 3.4 14.3 9.2 18.9 30.6 23.9 40.7 32.4 173.4 128.7 16.8 12.2 50.2 41.8 73.4 41.4z\"><\/path><\/svg>\t\t\t\t\t<\/a>\n\t\t\t\t<\/span>\n\t\t\t\t\t<\/div>\n\t\t\t\t\t\t<\/div>\n\t\t\t\t<\/div>\n\t\t\t\t<div class=\"elementor-element elementor-element-f23fc4d elementor-widget elementor-widget-html\" data-id=\"f23fc4d\" data-element_type=\"widget\" data-widget_type=\"html.default\">\n\t\t\t\t<div class=\"elementor-widget-container\">\n\t\t\t\t\t<script>\r\n  document.addEventListener(\"DOMContentLoaded\", function () {\r\n    const wrapper = document.querySelector(\".toggle-label-button\");\r\n    const button = wrapper?.querySelector(\"a\");\r\n    const fieldGroup = document.querySelector('.elementor-field-group-field_c8f45a7');\r\n\r\n    if (button && fieldGroup) {\r\n      const label = fieldGroup.querySelector('label');\r\n      const input = fieldGroup.querySelector('input, textarea, select');\r\n\r\n      button.addEventListener(\"click\", function (e) {\r\n        e.preventDefault(); \/\/ prevent anchor default behavior\r\n        const isHidden = label?.style.display === \"none\";\r\n\r\n        if (label) label.style.display = isHidden ? \"block\" : \"none\";\r\n        if (input) input.style.display = isHidden ? \"block\" : \"none\";\r\n\r\n        button.classList.toggle(\"active\");\r\n      });\r\n    }\r\n  });\r\n<\/script>\r\n\r\n<style>\r\n  .toggle-label-button a{\r\n    border: 1px solid #C0A85D !important;\r\n    color: #C0A85D !important;\r\n    background-color: transparent !important;\r\n    padding: 10px 20px;\r\n    cursor: pointer;\r\n    transition: all 0.3s ease;\r\n  }\r\n\r\n  .toggle-label-button a.active {\r\n    background-color: #C0A85D !important;\r\n    color: white !important;\r\n  }\r\n<\/style>\r\n\t\t\t\t<\/div>\n\t\t\t\t<\/div>\n\t\t\t\t<\/div>\n\t\t\t\t\t<\/div>\n\t\t\t\t<\/div>\n\t\t<div class=\"elementor-element elementor-element-fddc71a e-flex e-con-boxed e-con e-parent\" data-id=\"fddc71a\" data-element_type=\"container\">\n\t\t\t\t\t<div class=\"e-con-inner\">\n\t\t<div class=\"elementor-element elementor-element-8389159 e-con-full e-flex e-con e-child\" data-id=\"8389159\" data-element_type=\"container\" data-settings=\"{&quot;background_background&quot;:&quot;classic&quot;}\">\n\t\t\t\t<div class=\"elementor-element elementor-element-4c35686 elementor-invisible elementor-widget elementor-widget-heading\" data-id=\"4c35686\" data-element_type=\"widget\" data-settings=\"{&quot;_animation&quot;:&quot;zoomIn&quot;}\" data-widget_type=\"heading.default\">\n\t\t\t\t<div class=\"elementor-widget-container\">\n\t\t\t\t\t<h2 class=\"elementor-heading-title elementor-size-default\">N\u00ebse d\u00ebshironi t\u00eb na mb\u00ebshtesni lini nje bakshish!<\/h2>\t\t\t\t<\/div>\n\t\t\t\t<\/div>\n\t\t\t\t<\/div>\n\t\t<div class=\"elementor-element elementor-element-d1d1643 e-con-full e-flex e-con e-child\" data-id=\"d1d1643\" data-element_type=\"container\" data-settings=\"{&quot;background_background&quot;:&quot;classic&quot;}\">\n\t\t\t\t<div class=\"elementor-element elementor-element-5cf4f8d elementor-align-right elementor-mobile-align-center elementor-invisible elementor-widget elementor-widget-button\" data-id=\"5cf4f8d\" data-element_type=\"widget\" data-settings=\"{&quot;_animation&quot;:&quot;bounceIn&quot;}\" data-widget_type=\"button.default\">\n\t\t\t\t<div class=\"elementor-widget-container\">\n\t\t\t\t\t\t\t\t\t<div class=\"elementor-button-wrapper\">\n\t\t\t\t\t<a class=\"elementor-button elementor-button-link elementor-size-sm\" href=\"https:\/\/meti-migrationsservice24.de\/sq\/kontakt\/\">\n\t\t\t\t\t\t<span class=\"elementor-button-content-wrapper\">\n\t\t\t\t\t\t<span class=\"elementor-button-icon\">\n\t\t\t\t<svg aria-hidden=\"true\" class=\"e-font-icon-svg e-far-arrow-alt-circle-right\" viewbox=\"0 0 512 512\" xmlns=\"http:\/\/www.w3.org\/2000\/svg\"><path d=\"M504 256C504 119 393 8 256 8S8 119 8 256s111 248 248 248 248-111 248-248zm-448 0c0-110.5 89.5-200 200-200s200 89.5 200 200-89.5 200-200 200S56 366.5 56 256zm72 20v-40c0-6.6 5.4-12 12-12h116v-67c0-10.7 12.9-16 20.5-8.5l99 99c4.7 4.7 4.7 12.3 0 17l-99 99c-7.6 7.6-20.5 2.2-20.5-8.5v-67H140c-6.6 0-12-5.4-12-12z\"><\/path><\/svg>\t\t\t<\/span>\n\t\t\t\t\t\t\t\t\t<span class=\"elementor-button-text\">Bakshish<\/span>\n\t\t\t\t\t<\/span>\n\t\t\t\t\t<\/a>\n\t\t\t\t<\/div>\n\t\t\t\t\t\t\t\t<\/div>\n\t\t\t\t<\/div>\n\t\t\t\t<\/div>\n\t\t\t\t\t<\/div>\n\t\t\t\t<\/div>\n\t\t\t\t<\/div>","protected":false},"excerpt":{"rendered":"<p>Haben Sie eine Frage? Wenn Sie eine Frage haben, schreiben Sie uns bitte \u00fcber das untenstehende Formular. Wir werden Ihnen so schnell wie m\u00f6glich antworten. L\u00f6schen\/Anzeigen \u2013 Aktennummer Werde Teil unserer Gemeinschaft Folgen Sie uns in den sozialen Netzwerken, um kostenlose Tipps, wichtige Neuigkeiten und praktische Anleitungen zu Migration, Staatsb\u00fcrgerschaft und Integration in Deutschland zu [&hellip;]<\/p>","protected":false},"author":1,"featured_media":0,"parent":0,"menu_order":0,"comment_status":"closed","ping_status":"closed","template":"elementor_header_footer","meta":{"footnotes":""},"class_list":["post-602","page","type-page","status-publish","hentry"],"_links":{"self":[{"href":"https:\/\/meti-migrationsservice24.de\/sq\/wp-json\/wp\/v2\/pages\/602","targetHints":{"allow":["GET"]}}],"collection":[{"href":"https:\/\/meti-migrationsservice24.de\/sq\/wp-json\/wp\/v2\/pages"}],"about":[{"href":"https:\/\/meti-migrationsservice24.de\/sq\/wp-json\/wp\/v2\/types\/page"}],"author":[{"embeddable":true,"href":"https:\/\/meti-migrationsservice24.de\/sq\/wp-json\/wp\/v2\/users\/1"}],"replies":[{"embeddable":true,"href":"https:\/\/meti-migrationsservice24.de\/sq\/wp-json\/wp\/v2\/comments?post=602"}],"version-history":[{"count":10,"href":"https:\/\/meti-migrationsservice24.de\/sq\/wp-json\/wp\/v2\/pages\/602\/revisions"}],"predecessor-version":[{"id":2264,"href":"https:\/\/meti-migrationsservice24.de\/sq\/wp-json\/wp\/v2\/pages\/602\/revisions\/2264"}],"wp:attachment":[{"href":"https:\/\/meti-migrationsservice24.de\/sq\/wp-json\/wp\/v2\/media?parent=602"}],"curies":[{"name":"wp","href":"https:\/\/api.w.org\/{rel}","templated":true}]}}